{"id":1297,"date":"2025-02-26T10:51:59","date_gmt":"2025-02-26T09:51:59","guid":{"rendered":"https:\/\/www.wachruetteln.com\/?page_id=1297"},"modified":"2026-03-09T09:16:26","modified_gmt":"2026-03-09T08:16:26","slug":"tickets","status":"publish","type":"page","link":"https:\/\/www.wachruetteln.com\/en\/tickets\/","title":{"rendered":"Tickets"},"content":{"rendered":"<div data-elementor-type=\"wp-page\" data-elementor-id=\"1297\" class=\"elementor elementor-1297\">\n\t\t\t\t\t\t<section class=\"elementor-section elementor-top-section elementor-element elementor-element-2cd9c65 elementor-section-boxed elementor-section-height-default elementor-section-height-default\" data-id=\"2cd9c65\" data-element_type=\"section\" data-e-type=\"section\">\n\t\t\t\t\t\t<div class=\"elementor-container elementor-column-gap-default\">\n\t\t\t\t\t<div class=\"elementor-column elementor-col-100 elementor-top-column elementor-element elementor-element-85e989f\" data-id=\"85e989f\" data-element_type=\"column\" data-e-type=\"column\">\n\t\t\t<div class=\"elementor-widget-wrap elementor-element-populated\">\n\t\t\t\t\t\t<div class=\"elementor-element elementor-element-9e758e3 elementor-widget elementor-widget-text-editor\" data-id=\"9e758e3\" data-element_type=\"widget\" data-e-type=\"widget\" data-widget_type=\"text-editor.default\">\n\t\t\t\t<div class=\"elementor-widget-container\">\n\t\t\t\t\t\t\t\t\t<h1 style=\"text-align: center;\" data-start=\"60\" data-end=\"102\"><strong data-start=\"60\" data-end=\"96\"><br \/>W\u00e4hle Dein Ticket und sei dabei!<\/strong> <img decoding=\"async\" class=\"emoji\" role=\"img\" draggable=\"false\" src=\"https:\/\/s.w.org\/images\/core\/emoji\/15.0.3\/svg\/1f39f.svg\" alt=\"\ud83c\udf9f\ufe0f\" \/><\/h1><div>\u00a0<\/div><p style=\"text-align: center;\" data-start=\"224\" data-end=\"529\">Am <strong data-start=\"227\" data-end=\"257\">12. und 13. Juni 2026<\/strong>\u00a0ist es wieder soweit: Das <strong data-start=\"284\" data-end=\"303\">18. Wachr\u00fctteln<\/strong> steht vor der T\u00fcr! Freu Dich auf zwei Tage voller <strong data-start=\"354\" data-end=\"426\">spannender Begegnungen, fachlichem Austausch, Energie und Feierlaune<\/strong>. Egal, ob Du ein <strong data-start=\"444\" data-end=\"458\">alter Hase<\/strong> oder zum ersten Mal dabei bist \u2013 die Atmosph\u00e4re wird Dich mitrei\u00dfen!<\/p><p style=\"text-align: center;\" data-start=\"224\" data-end=\"529\"><img decoding=\"async\" class=\"emoji\" role=\"img\" draggable=\"false\" src=\"https:\/\/s.w.org\/images\/core\/emoji\/15.0.3\/svg\/2728.svg\" alt=\"\u2728\" \/> <strong data-start=\"663\" data-end=\"706\">F\u00fcr alle, die das gewisse Extra wollen:<\/strong> Nat\u00fcrlich gibt es auch dieses Jahr wieder das beliebte <a href=\"\/en\/product\/vip-ticket\/\"><strong><span style=\"color: #ff6600;\">VIP-Ticket<\/span><\/strong><\/a>, das alle gewohnten Leistungen enth\u00e4lt!<\/p><p style=\"text-align: center;\" data-start=\"531\" data-end=\"647\"><img decoding=\"async\" class=\"emoji\" role=\"img\" draggable=\"false\" src=\"https:\/\/s.w.org\/images\/core\/emoji\/15.0.3\/svg\/1f525.svg\" alt=\"\ud83d\udd25\" \/> <strong data-start=\"534\" data-end=\"568\">Sichere Dir jetzt Dein Ticket!<\/strong> W\u00e4hle aus vier verschiedenen Optionen diejenige, die am besten zu Dir passt.<\/p><p style=\"text-align: center;\" data-start=\"649\" data-end=\"792\">Lass uns gemeinsam das <strong data-start=\"746\" data-end=\"787\">18. Wachr\u00fctteln unvergesslich machen!<\/strong> <img decoding=\"async\" class=\"emoji\" role=\"img\" draggable=\"false\" src=\"https:\/\/s.w.org\/images\/core\/emoji\/15.0.3\/svg\/1f680.svg\" alt=\"\ud83d\ude80\" \/><\/p>\t\t\t\t\t\t\t\t<\/div>\n\t\t\t\t<\/div>\n\t\t\t\t<div class=\"elementor-element elementor-element-763791e elementor-widget elementor-widget-text-editor\" data-id=\"763791e\" data-element_type=\"widget\" data-e-type=\"widget\" data-widget_type=\"text-editor.default\">\n\t\t\t\t<div class=\"elementor-widget-container\">\n\t\t\t\t\t\t\t\t\t<h2><strong>Klicke jetzt auf ein Ticket um mehr Infos zu erhalten und Deine Wachr\u00fctteln-Reise zu beginnen:<\/strong><\/h2>\t\t\t\t\t\t\t\t<\/div>\n\t\t\t\t<\/div>\n\t\t\t\t\t<\/div>\n\t\t<\/div>\n\t\t\t\t\t<\/div>\n\t\t<\/section>\n\t\t\t\t<section class=\"elementor-section elementor-top-section elementor-element elementor-element-5dc3bbb elementor-section-boxed elementor-section-height-default elementor-section-height-default\" data-id=\"5dc3bbb\" data-element_type=\"section\" data-e-type=\"section\">\n\t\t\t\t\t\t<div class=\"elementor-container elementor-column-gap-default\">\n\t\t\t\t\t<div class=\"elementor-column elementor-col-100 elementor-top-column elementor-element elementor-element-c799fa8\" data-id=\"c799fa8\" data-element_type=\"column\" data-e-type=\"column\">\n\t\t\t<div class=\"elementor-widget-wrap elementor-element-populated\">\n\t\t\t\t\t\t<div class=\"elementor-element elementor-element-c29e3db elementor-widget__width-inherit elementor-widget elementor-widget-image\" data-id=\"c29e3db\" data-element_type=\"widget\" data-e-type=\"widget\" data-widget_type=\"image.default\">\n\t\t\t\t<div class=\"elementor-widget-container\">\n\t\t\t\t\t\t\t\t\t\t\t\t\t\t\t\t<a href=\"\/en\/product\/sticky-stuff-summit\/\">\n\t\t\t\t\t\t\t<img fetchpriority=\"high\" decoding=\"async\" width=\"600\" height=\"259\" src=\"https:\/\/www.wachruetteln.com\/wp-content\/uploads\/2026\/02\/Summit-Ticket.png\" class=\"attachment-large size-large wp-image-25025\" alt=\"\" srcset=\"https:\/\/www.wachruetteln.com\/wp-content\/uploads\/2026\/02\/Summit-Ticket.png 600w, https:\/\/www.wachruetteln.com\/wp-content\/uploads\/2026\/02\/Summit-Ticket-300x130.png 300w, https:\/\/www.wachruetteln.com\/wp-content\/uploads\/2026\/02\/Summit-Ticket-18x8.png 18w\" sizes=\"(max-width: 600px) 100vw, 600px\" \/>\t\t\t\t\t\t\t\t<\/a>\n\t\t\t\t\t\t\t\t\t\t\t\t\t\t\t<\/div>\n\t\t\t\t<\/div>\n\t\t\t\t<div class=\"elementor-element elementor-element-a986d76 elementor-widget elementor-widget-image\" data-id=\"a986d76\" data-element_type=\"widget\" data-e-type=\"widget\" data-widget_type=\"image.default\">\n\t\t\t\t<div class=\"elementor-widget-container\">\n\t\t\t\t\t\t\t\t\t\t\t\t\t\t\t\t<a href=\"\/en\/product\/vip-ticket\/\">\n\t\t\t\t\t\t\t<img decoding=\"async\" width=\"600\" height=\"259\" src=\"https:\/\/www.wachruetteln.com\/wp-content\/uploads\/2026\/02\/VIP-Ticket.png\" class=\"attachment-large size-large wp-image-25026\" alt=\"\" srcset=\"https:\/\/www.wachruetteln.com\/wp-content\/uploads\/2026\/02\/VIP-Ticket.png 600w, https:\/\/www.wachruetteln.com\/wp-content\/uploads\/2026\/02\/VIP-Ticket-300x130.png 300w, https:\/\/www.wachruetteln.com\/wp-content\/uploads\/2026\/02\/VIP-Ticket-18x8.png 18w\" sizes=\"(max-width: 600px) 100vw, 600px\" \/>\t\t\t\t\t\t\t\t<\/a>\n\t\t\t\t\t\t\t\t\t\t\t\t\t\t\t<\/div>\n\t\t\t\t<\/div>\n\t\t\t\t<div class=\"elementor-element elementor-element-b0b3351 elementor-widget elementor-widget-image\" data-id=\"b0b3351\" data-element_type=\"widget\" data-e-type=\"widget\" data-widget_type=\"image.default\">\n\t\t\t\t<div class=\"elementor-widget-container\">\n\t\t\t\t\t\t\t\t\t\t\t\t\t\t\t\t<a href=\"\/en\/product\/cassic-day\/\">\n\t\t\t\t\t\t\t<img decoding=\"async\" width=\"600\" height=\"259\" src=\"https:\/\/www.wachruetteln.com\/wp-content\/uploads\/2026\/02\/Basic-Ticket.png\" class=\"attachment-large size-large wp-image-25024\" alt=\"\" srcset=\"https:\/\/www.wachruetteln.com\/wp-content\/uploads\/2026\/02\/Basic-Ticket.png 600w, https:\/\/www.wachruetteln.com\/wp-content\/uploads\/2026\/02\/Basic-Ticket-300x130.png 300w, https:\/\/www.wachruetteln.com\/wp-content\/uploads\/2026\/02\/Basic-Ticket-18x8.png 18w\" sizes=\"(max-width: 600px) 100vw, 600px\" \/>\t\t\t\t\t\t\t\t<\/a>\n\t\t\t\t\t\t\t\t\t\t\t\t\t\t\t<\/div>\n\t\t\t\t<\/div>\n\t\t\t\t<div class=\"elementor-element elementor-element-7623cc0 elementor-widget elementor-widget-image\" data-id=\"7623cc0\" data-element_type=\"widget\" data-e-type=\"widget\" data-widget_type=\"image.default\">\n\t\t\t\t<div class=\"elementor-widget-container\">\n\t\t\t\t\t\t\t\t\t\t\t\t\t\t\t\t<a href=\"\/en\/product\/kombi-ticket-freitag-samstag\/\">\n\t\t\t\t\t\t\t<img loading=\"lazy\" decoding=\"async\" width=\"600\" height=\"259\" src=\"https:\/\/www.wachruetteln.com\/wp-content\/uploads\/2026\/02\/Weekend-Ticket.png\" class=\"attachment-large size-large wp-image-25027\" alt=\"\" srcset=\"https:\/\/www.wachruetteln.com\/wp-content\/uploads\/2026\/02\/Weekend-Ticket.png 600w, https:\/\/www.wachruetteln.com\/wp-content\/uploads\/2026\/02\/Weekend-Ticket-300x130.png 300w, https:\/\/www.wachruetteln.com\/wp-content\/uploads\/2026\/02\/Weekend-Ticket-18x8.png 18w\" sizes=\"(max-width: 600px) 100vw, 600px\" \/>\t\t\t\t\t\t\t\t<\/a>\n\t\t\t\t\t\t\t\t\t\t\t\t\t\t\t<\/div>\n\t\t\t\t<\/div>\n\t\t\t\t\t<\/div>\n\t\t<\/div>\n\t\t\t\t\t<\/div>\n\t\t<\/section>\n\t\t\t\t<section class=\"elementor-section elementor-top-section elementor-element elementor-element-73dd382 elementor-section-boxed elementor-section-height-default elementor-section-height-default\" data-id=\"73dd382\" data-element_type=\"section\" data-e-type=\"section\">\n\t\t\t\t\t\t<div class=\"elementor-container elementor-column-gap-default\">\n\t\t\t\t\t<div class=\"elementor-column elementor-col-100 elementor-top-column elementor-element elementor-element-403dcdd\" data-id=\"403dcdd\" data-element_type=\"column\" data-e-type=\"column\">\n\t\t\t<div class=\"elementor-widget-wrap\">\n\t\t\t\t\t\t\t<\/div>\n\t\t<\/div>\n\t\t\t\t\t<\/div>\n\t\t<\/section>\n\t\t\t\t<section class=\"elementor-section elementor-top-section elementor-element elementor-element-a1ab88b elementor-section-boxed elementor-section-height-default elementor-section-height-default\" data-id=\"a1ab88b\" data-element_type=\"section\" data-e-type=\"section\">\n\t\t\t\t\t\t<div class=\"elementor-container elementor-column-gap-wide\">\n\t\t\t\t\t<div class=\"elementor-column elementor-col-50 elementor-top-column elementor-element elementor-element-c3ce1f2\" data-id=\"c3ce1f2\" data-element_type=\"column\" data-e-type=\"column\">\n\t\t\t<div class=\"elementor-widget-wrap elementor-element-populated\">\n\t\t\t\t\t\t<div class=\"elementor-element elementor-element-5ecfde1 elementor-widget__width-initial elementor-widget elementor-widget-image\" data-id=\"5ecfde1\" data-element_type=\"widget\" data-e-type=\"widget\" data-widget_type=\"image.default\">\n\t\t\t\t<div class=\"elementor-widget-container\">\n\t\t\t\t\t\t\t\t\t\t\t\t\t\t\t\t<a href=\"https:\/\/www.google.com\/maps\/dir\/\/Wilberhofener+Str.+1%2B3,+51570+Windeck\/@50.8075324,7.4588188,12z\/data=!3m1!4b1!4m8!4m7!1m0!1m5!1m1!1s0x47bebfab00fca283:0xe8d0807952f7cf7c!2m2!1d7.5412977!2d50.8076003?entry=ttu&#038;g_ep=EgoyMDI1MDIyNC4wIKXMDSoASAFQAw%3D%3D\" target=\"_blank\">\n\t\t\t\t\t\t\t<img loading=\"lazy\" decoding=\"async\" width=\"600\" height=\"382\" src=\"https:\/\/www.wachruetteln.com\/wp-content\/uploads\/2025\/02\/Screenshot-2025-02-27-at-10-21-11-1-1.png\" class=\"attachment-large size-large wp-image-1480\" alt=\"\" srcset=\"https:\/\/www.wachruetteln.com\/wp-content\/uploads\/2025\/02\/Screenshot-2025-02-27-at-10-21-11-1-1.png 600w, https:\/\/www.wachruetteln.com\/wp-content\/uploads\/2025\/02\/Screenshot-2025-02-27-at-10-21-11-1-1-300x191.png 300w, https:\/\/www.wachruetteln.com\/wp-content\/uploads\/2025\/02\/Screenshot-2025-02-27-at-10-21-11-1-1-18x12.png 18w\" sizes=\"(max-width: 600px) 100vw, 600px\" \/>\t\t\t\t\t\t\t\t<\/a>\n\t\t\t\t\t\t\t\t\t\t\t\t\t\t\t<\/div>\n\t\t\t\t<\/div>\n\t\t\t\t\t<\/div>\n\t\t<\/div>\n\t\t\t\t<div class=\"elementor-column elementor-col-50 elementor-top-column elementor-element elementor-element-e96f4ca\" data-id=\"e96f4ca\" data-element_type=\"column\" data-e-type=\"column\">\n\t\t\t<div class=\"elementor-widget-wrap elementor-element-populated\">\n\t\t\t\t\t\t<div class=\"elementor-element elementor-element-4fa4b9b elementor-widget__width-initial elementor-widget elementor-widget-text-editor\" data-id=\"4fa4b9b\" data-element_type=\"widget\" data-e-type=\"widget\" data-widget_type=\"text-editor.default\">\n\t\t\t\t<div class=\"elementor-widget-container\">\n\t\t\t\t\t\t\t\t\t<h4 style=\"text-align: center;\"><br \/><br \/>\u00a0<\/h4><h4 style=\"text-align: center;\">Veranstaltungsort<\/h4><p style=\"text-align: center;\">Yellotools GmbH<br \/>Wilberhofenerstra\u00dfe 1+3<br \/>51570 Windeck<br \/><a href=\"https:\/\/www.yellotools.com\/de\/\">www.yellotools.com<\/a><\/p>\t\t\t\t\t\t\t\t<\/div>\n\t\t\t\t<\/div>\n\t\t\t\t\t<\/div>\n\t\t<\/div>\n\t\t\t\t\t<\/div>\n\t\t<\/section>\n\t\t\t\t<section class=\"elementor-section elementor-top-section elementor-element elementor-element-9da009d elementor-section-boxed elementor-section-height-default elementor-section-height-default\" data-id=\"9da009d\" data-element_type=\"section\" data-e-type=\"section\">\n\t\t\t\t\t\t<div class=\"elementor-container elementor-column-gap-default\">\n\t\t\t\t\t<div class=\"elementor-column elementor-col-100 elementor-top-column elementor-element elementor-element-14aaa3d\" data-id=\"14aaa3d\" data-element_type=\"column\" data-e-type=\"column\">\n\t\t\t<div class=\"elementor-widget-wrap\">\n\t\t\t\t\t\t\t<\/div>\n\t\t<\/div>\n\t\t\t\t\t<\/div>\n\t\t<\/section>\n\t\t\t\t<\/div>","protected":false},"excerpt":{"rendered":"<p>W\u00e4hle Dein Ticket und sei dabei! \u00a0 Am 12. und 13. Juni 2026\u00a0ist es wieder soweit: Das 18. Wachr\u00fctteln steht vor der T\u00fcr! Freu Dich auf zwei Tage voller spannender Begegnungen, fachlichem Austausch, Energie und Feierlaune. Egal, ob Du ein alter Hase oder zum ersten Mal dabei bist \u2013 die Atmosph\u00e4re wird Dich mitrei\u00dfen! F\u00fcr<\/p>\n<div class=\"more-link\">\n\t\t\t\t <a href=\"https:\/\/www.wachruetteln.com\/en\/tickets\/\" class=\"btn theme-btn\"><span>Continue Reading <\/span><i class=\"icofont-thin-double-right\"><\/i><\/a>\n\t\t\t<\/div>","protected":false},"author":1,"featured_media":0,"parent":0,"menu_order":0,"comment_status":"closed","ping_status":"closed","template":"templates\/without-hero.php","meta":{"footnotes":""},"class_list":["post-1297","page","type-page","status-publish","hentry"],"_links":{"self":[{"href":"https:\/\/www.wachruetteln.com\/en\/wp-json\/wp\/v2\/pages\/1297","targetHints":{"allow":["GET"]}}],"collection":[{"href":"https:\/\/www.wachruetteln.com\/en\/wp-json\/wp\/v2\/pages"}],"about":[{"href":"https:\/\/www.wachruetteln.com\/en\/wp-json\/wp\/v2\/types\/page"}],"author":[{"embeddable":true,"href":"https:\/\/www.wachruetteln.com\/en\/wp-json\/wp\/v2\/users\/1"}],"replies":[{"embeddable":true,"href":"https:\/\/www.wachruetteln.com\/en\/wp-json\/wp\/v2\/comments?post=1297"}],"version-history":[{"count":274,"href":"https:\/\/www.wachruetteln.com\/en\/wp-json\/wp\/v2\/pages\/1297\/revisions"}],"predecessor-version":[{"id":25157,"href":"https:\/\/www.wachruetteln.com\/en\/wp-json\/wp\/v2\/pages\/1297\/revisions\/25157"}],"wp:attachment":[{"href":"https:\/\/www.wachruetteln.com\/en\/wp-json\/wp\/v2\/media?parent=1297"}],"curies":[{"name":"wp","href":"https:\/\/api.w.org\/{rel}","templated":true}]}}