{"id":1858,"date":"2025-09-17T11:37:54","date_gmt":"2025-09-17T09:37:54","guid":{"rendered":"https:\/\/www.wachruetteln.com\/?page_id=1858"},"modified":"2026-01-23T11:01:18","modified_gmt":"2026-01-23T10:01:18","slug":"fotogalerie","status":"publish","type":"page","link":"https:\/\/www.wachruetteln.com\/en\/fotogalerie\/","title":{"rendered":"Fotogalerie"},"content":{"rendered":"<div data-elementor-type=\"wp-page\" data-elementor-id=\"1858\" class=\"elementor elementor-1858\">\n\t\t\t\t\t\t<section class=\"elementor-section elementor-top-section elementor-element elementor-element-681dc80 elementor-section-boxed elementor-section-height-default elementor-section-height-default\" data-id=\"681dc80\" data-element_type=\"section\" data-e-type=\"section\">\n\t\t\t\t\t\t<div class=\"elementor-container elementor-column-gap-default\">\n\t\t\t\t\t<div class=\"elementor-column elementor-col-100 elementor-top-column elementor-element elementor-element-e37c851\" data-id=\"e37c851\" data-element_type=\"column\" data-e-type=\"column\">\n\t\t\t<div class=\"elementor-widget-wrap elementor-element-populated\">\n\t\t\t\t\t\t<div class=\"elementor-element elementor-element-c72b674 elementor-widget elementor-widget-heading\" data-id=\"c72b674\" data-element_type=\"widget\" data-e-type=\"widget\" data-widget_type=\"heading.default\">\n\t\t\t\t<div class=\"elementor-widget-container\">\n\t\t\t\t\t<h2 class=\"elementor-heading-title elementor-size-default\">Fotogalerie<\/h2>\t\t\t\t<\/div>\n\t\t\t\t<\/div>\n\t\t\t\t\t<\/div>\n\t\t<\/div>\n\t\t\t\t\t<\/div>\n\t\t<\/section>\n\t\t\t\t<section class=\"elementor-section elementor-top-section elementor-element elementor-element-a8171c2 elementor-section-boxed elementor-section-height-default elementor-section-height-default\" data-id=\"a8171c2\" data-element_type=\"section\" data-e-type=\"section\">\n\t\t\t\t\t\t<div class=\"elementor-container elementor-column-gap-default\">\n\t\t\t\t\t<div class=\"elementor-column elementor-col-100 elementor-top-column elementor-element elementor-element-406feaa\" data-id=\"406feaa\" data-element_type=\"column\" data-e-type=\"column\">\n\t\t\t<div class=\"elementor-widget-wrap elementor-element-populated\">\n\t\t\t\t\t\t<div class=\"elementor-element elementor-element-ec8aff4 elementor-widget elementor-widget-spacer\" data-id=\"ec8aff4\" data-element_type=\"widget\" data-e-type=\"widget\" data-widget_type=\"spacer.default\">\n\t\t\t\t<div class=\"elementor-widget-container\">\n\t\t\t\t\t\t\t<div class=\"elementor-spacer\">\n\t\t\t<div class=\"elementor-spacer-inner\"><\/div>\n\t\t<\/div>\n\t\t\t\t\t\t<\/div>\n\t\t\t\t<\/div>\n\t\t\t\t\t<\/div>\n\t\t<\/div>\n\t\t\t\t\t<\/div>\n\t\t<\/section>\n\t\t\t\t<section class=\"elementor-section elementor-top-section elementor-element elementor-element-2cd18ce elementor-section-boxed elementor-section-height-default elementor-section-height-default\" data-id=\"2cd18ce\" data-element_type=\"section\" data-e-type=\"section\">\n\t\t\t\t\t\t<div class=\"elementor-container elementor-column-gap-default\">\n\t\t\t\t\t<div class=\"elementor-column elementor-col-50 elementor-top-column elementor-element elementor-element-4a8cc87\" data-id=\"4a8cc87\" data-element_type=\"column\" data-e-type=\"column\">\n\t\t\t<div class=\"elementor-widget-wrap elementor-element-populated\">\n\t\t\t\t\t\t<div class=\"elementor-element elementor-element-31a4ebd elementor-widget__width-initial elementor-widget elementor-widget-image\" data-id=\"31a4ebd\" data-element_type=\"widget\" data-e-type=\"widget\" data-widget_type=\"image.default\">\n\t\t\t\t<div class=\"elementor-widget-container\">\n\t\t\t\t\t\t\t\t\t\t\t\t\t\t\t<img fetchpriority=\"high\" decoding=\"async\" width=\"640\" height=\"428\" src=\"https:\/\/www.wachruetteln.com\/wp-content\/uploads\/2025\/09\/Wir-sagen-Danke-1-1024x685.jpg\" class=\"attachment-large size-large wp-image-1837\" alt=\"\" srcset=\"https:\/\/www.wachruetteln.com\/wp-content\/uploads\/2025\/09\/Wir-sagen-Danke-1-1024x685.jpg 1024w, https:\/\/www.wachruetteln.com\/wp-content\/uploads\/2025\/09\/Wir-sagen-Danke-1-300x201.jpg 300w, https:\/\/www.wachruetteln.com\/wp-content\/uploads\/2025\/09\/Wir-sagen-Danke-1-768x514.jpg 768w, https:\/\/www.wachruetteln.com\/wp-content\/uploads\/2025\/09\/Wir-sagen-Danke-1-1536x1028.jpg 1536w, https:\/\/www.wachruetteln.com\/wp-content\/uploads\/2025\/09\/Wir-sagen-Danke-1-2048x1370.jpg 2048w, https:\/\/www.wachruetteln.com\/wp-content\/uploads\/2025\/09\/Wir-sagen-Danke-1-18x12.jpg 18w, https:\/\/www.wachruetteln.com\/wp-content\/uploads\/2025\/09\/Wir-sagen-Danke-1-600x402.jpg 600w\" sizes=\"(max-width: 640px) 100vw, 640px\" \/>\t\t\t\t\t\t\t\t\t\t\t\t\t\t\t<\/div>\n\t\t\t\t<\/div>\n\t\t\t\t\t<\/div>\n\t\t<\/div>\n\t\t\t\t<div class=\"elementor-column elementor-col-50 elementor-top-column elementor-element elementor-element-ad67320\" data-id=\"ad67320\" data-element_type=\"column\" data-e-type=\"column\">\n\t\t\t<div class=\"elementor-widget-wrap elementor-element-populated\">\n\t\t\t\t\t\t<div class=\"elementor-element elementor-element-453fbd7 elementor-align-left elementor-mobile-align-justify elementor-widget elementor-widget-button\" data-id=\"453fbd7\" data-element_type=\"widget\" data-e-type=\"widget\" data-widget_type=\"button.default\">\n\t\t\t\t<div class=\"elementor-widget-container\">\n\t\t\t\t\t\t\t\t\t<div class=\"elementor-button-wrapper\">\n\t\t\t\t\t<a class=\"elementor-button elementor-button-link elementor-size-sm\" href=\"https:\/\/www.wachruetteln.com\/en\/fotogalerie\/wachruetteln-17\/\" target=\"_blank\">\n\t\t\t\t\t\t<span class=\"elementor-button-content-wrapper\">\n\t\t\t\t\t\t<span class=\"elementor-button-icon\">\n\t\t\t\t<i aria-hidden=\"true\" class=\"far fa-arrow-alt-circle-right\"><\/i>\t\t\t<\/span>\n\t\t\t\t\t\t\t\t\t<span class=\"elementor-button-text\">Wachr\u00fctteln 17 - zu den Fotos <\/span>\n\t\t\t\t\t<\/span>\n\t\t\t\t\t<\/a>\n\t\t\t\t<\/div>\n\t\t\t\t\t\t\t\t<\/div>\n\t\t\t\t<\/div>\n\t\t\t\t\t<\/div>\n\t\t<\/div>\n\t\t\t\t\t<\/div>\n\t\t<\/section>\n\t\t\t\t<section class=\"elementor-section elementor-top-section elementor-element elementor-element-5583c2c elementor-section-boxed elementor-section-height-default elementor-section-height-default\" data-id=\"5583c2c\" data-element_type=\"section\" data-e-type=\"section\">\n\t\t\t\t\t\t<div class=\"elementor-container elementor-column-gap-default\">\n\t\t\t\t\t<div class=\"elementor-column elementor-col-50 elementor-top-column elementor-element elementor-element-fbea66e\" data-id=\"fbea66e\" data-element_type=\"column\" data-e-type=\"column\">\n\t\t\t<div class=\"elementor-widget-wrap elementor-element-populated\">\n\t\t\t\t\t\t<div class=\"elementor-element elementor-element-510e31e elementor-widget__width-initial elementor-widget elementor-widget-image\" data-id=\"510e31e\" data-element_type=\"widget\" data-e-type=\"widget\" data-widget_type=\"image.default\">\n\t\t\t\t<div class=\"elementor-widget-container\">\n\t\t\t\t\t\t\t\t\t\t\t\t\t\t\t<img decoding=\"async\" width=\"640\" height=\"640\" src=\"https:\/\/www.wachruetteln.com\/wp-content\/uploads\/2025\/09\/Wachruetteln-Vielen-Dank-insta-1024x1024.jpg\" class=\"attachment-large size-large wp-image-1857\" alt=\"\" srcset=\"https:\/\/www.wachruetteln.com\/wp-content\/uploads\/2025\/09\/Wachruetteln-Vielen-Dank-insta-1024x1024.jpg 1024w, https:\/\/www.wachruetteln.com\/wp-content\/uploads\/2025\/09\/Wachruetteln-Vielen-Dank-insta-300x300.jpg 300w, https:\/\/www.wachruetteln.com\/wp-content\/uploads\/2025\/09\/Wachruetteln-Vielen-Dank-insta-150x150.jpg 150w, https:\/\/www.wachruetteln.com\/wp-content\/uploads\/2025\/09\/Wachruetteln-Vielen-Dank-insta-768x768.jpg 768w, https:\/\/www.wachruetteln.com\/wp-content\/uploads\/2025\/09\/Wachruetteln-Vielen-Dank-insta-12x12.jpg 12w, https:\/\/www.wachruetteln.com\/wp-content\/uploads\/2025\/09\/Wachruetteln-Vielen-Dank-insta-600x600.jpg 600w, https:\/\/www.wachruetteln.com\/wp-content\/uploads\/2025\/09\/Wachruetteln-Vielen-Dank-insta-100x100.jpg 100w, https:\/\/www.wachruetteln.com\/wp-content\/uploads\/2025\/09\/Wachruetteln-Vielen-Dank-insta.jpg 1080w\" sizes=\"(max-width: 640px) 100vw, 640px\" \/>\t\t\t\t\t\t\t\t\t\t\t\t\t\t\t<\/div>\n\t\t\t\t<\/div>\n\t\t\t\t\t<\/div>\n\t\t<\/div>\n\t\t\t\t<div class=\"elementor-column elementor-col-50 elementor-top-column elementor-element elementor-element-a1652b5\" data-id=\"a1652b5\" data-element_type=\"column\" data-e-type=\"column\">\n\t\t\t<div class=\"elementor-widget-wrap elementor-element-populated\">\n\t\t\t\t\t\t<div class=\"elementor-element elementor-element-069bf22 elementor-align-left elementor-mobile-align-justify elementor-widget elementor-widget-button\" data-id=\"069bf22\" data-element_type=\"widget\" data-e-type=\"widget\" data-widget_type=\"button.default\">\n\t\t\t\t<div class=\"elementor-widget-container\">\n\t\t\t\t\t\t\t\t\t<div class=\"elementor-button-wrapper\">\n\t\t\t\t\t<a class=\"elementor-button elementor-button-link elementor-size-sm\" href=\"https:\/\/www.wachruetteln.com\/en\/fotogalerie\/wachruetteln-16\/\" target=\"_blank\">\n\t\t\t\t\t\t<span class=\"elementor-button-content-wrapper\">\n\t\t\t\t\t\t<span class=\"elementor-button-icon\">\n\t\t\t\t<i aria-hidden=\"true\" class=\"far fa-arrow-alt-circle-right\"><\/i>\t\t\t<\/span>\n\t\t\t\t\t\t\t\t\t<span class=\"elementor-button-text\">Wachr\u00fctteln 16 - zu den Fotos <\/span>\n\t\t\t\t\t<\/span>\n\t\t\t\t\t<\/a>\n\t\t\t\t<\/div>\n\t\t\t\t\t\t\t\t<\/div>\n\t\t\t\t<\/div>\n\t\t\t\t\t<\/div>\n\t\t<\/div>\n\t\t\t\t\t<\/div>\n\t\t<\/section>\n\t\t\t\t<section class=\"elementor-section elementor-top-section elementor-element elementor-element-c8a7ffb elementor-section-boxed elementor-section-height-default elementor-section-height-default\" data-id=\"c8a7ffb\" data-element_type=\"section\" data-e-type=\"section\">\n\t\t\t\t\t\t<div class=\"elementor-container elementor-column-gap-default\">\n\t\t\t\t\t<div class=\"elementor-column elementor-col-50 elementor-top-column elementor-element elementor-element-8164122\" data-id=\"8164122\" data-element_type=\"column\" data-e-type=\"column\">\n\t\t\t<div class=\"elementor-widget-wrap elementor-element-populated\">\n\t\t\t\t\t\t<div class=\"elementor-element elementor-element-fa3f5bc elementor-widget__width-initial elementor-widget elementor-widget-image\" data-id=\"fa3f5bc\" data-element_type=\"widget\" data-e-type=\"widget\" data-widget_type=\"image.default\">\n\t\t\t\t<div class=\"elementor-widget-container\">\n\t\t\t\t\t\t\t\t\t\t\t\t\t\t\t<img decoding=\"async\" width=\"640\" height=\"640\" src=\"https:\/\/www.wachruetteln.com\/wp-content\/uploads\/2025\/09\/Wachruetteln-Vielen-Dank-insta-1-1024x1024.jpg\" class=\"attachment-large size-large wp-image-1868\" alt=\"\" srcset=\"https:\/\/www.wachruetteln.com\/wp-content\/uploads\/2025\/09\/Wachruetteln-Vielen-Dank-insta-1-1024x1024.jpg 1024w, https:\/\/www.wachruetteln.com\/wp-content\/uploads\/2025\/09\/Wachruetteln-Vielen-Dank-insta-1-300x300.jpg 300w, https:\/\/www.wachruetteln.com\/wp-content\/uploads\/2025\/09\/Wachruetteln-Vielen-Dank-insta-1-150x150.jpg 150w, https:\/\/www.wachruetteln.com\/wp-content\/uploads\/2025\/09\/Wachruetteln-Vielen-Dank-insta-1-768x768.jpg 768w, https:\/\/www.wachruetteln.com\/wp-content\/uploads\/2025\/09\/Wachruetteln-Vielen-Dank-insta-1-12x12.jpg 12w, https:\/\/www.wachruetteln.com\/wp-content\/uploads\/2025\/09\/Wachruetteln-Vielen-Dank-insta-1-600x600.jpg 600w, https:\/\/www.wachruetteln.com\/wp-content\/uploads\/2025\/09\/Wachruetteln-Vielen-Dank-insta-1-100x100.jpg 100w, https:\/\/www.wachruetteln.com\/wp-content\/uploads\/2025\/09\/Wachruetteln-Vielen-Dank-insta-1.jpg 1080w\" sizes=\"(max-width: 640px) 100vw, 640px\" \/>\t\t\t\t\t\t\t\t\t\t\t\t\t\t\t<\/div>\n\t\t\t\t<\/div>\n\t\t\t\t\t<\/div>\n\t\t<\/div>\n\t\t\t\t<div class=\"elementor-column elementor-col-50 elementor-top-column elementor-element elementor-element-7e9a41e\" data-id=\"7e9a41e\" data-element_type=\"column\" data-e-type=\"column\">\n\t\t\t<div class=\"elementor-widget-wrap elementor-element-populated\">\n\t\t\t\t\t\t<div class=\"elementor-element elementor-element-d119f50 elementor-align-left elementor-mobile-align-justify elementor-widget elementor-widget-button\" data-id=\"d119f50\" data-element_type=\"widget\" data-e-type=\"widget\" data-widget_type=\"button.default\">\n\t\t\t\t<div class=\"elementor-widget-container\">\n\t\t\t\t\t\t\t\t\t<div class=\"elementor-button-wrapper\">\n\t\t\t\t\t<a class=\"elementor-button elementor-button-link elementor-size-sm\" href=\"https:\/\/www.wachruetteln.com\/en\/die-grosse-party-fur-werbetechniker\/wachruetteln-15\/\" target=\"_blank\">\n\t\t\t\t\t\t<span class=\"elementor-button-content-wrapper\">\n\t\t\t\t\t\t<span class=\"elementor-button-icon\">\n\t\t\t\t<i aria-hidden=\"true\" class=\"far fa-arrow-alt-circle-right\"><\/i>\t\t\t<\/span>\n\t\t\t\t\t\t\t\t\t<span class=\"elementor-button-text\">Wachr\u00fctteln 15 - zu den Fotos <\/span>\n\t\t\t\t\t<\/span>\n\t\t\t\t\t<\/a>\n\t\t\t\t<\/div>\n\t\t\t\t\t\t\t\t<\/div>\n\t\t\t\t<\/div>\n\t\t\t\t\t<\/div>\n\t\t<\/div>\n\t\t\t\t\t<\/div>\n\t\t<\/section>\n\t\t\t\t<\/div>","protected":false},"excerpt":{"rendered":"<p>Fotogalerie Wachr\u00fctteln 17 &#8211; zu den Fotos Wachr\u00fctteln 16 &#8211; zu den Fotos Wachr\u00fctteln 15 &#8211; zu den Fotos<\/p>","protected":false},"author":5,"featured_media":0,"parent":0,"menu_order":0,"comment_status":"closed","ping_status":"closed","template":"","meta":{"footnotes":""},"class_list":["post-1858","page","type-page","status-publish","hentry"],"_links":{"self":[{"href":"https:\/\/www.wachruetteln.com\/en\/wp-json\/wp\/v2\/pages\/1858","targetHints":{"allow":["GET"]}}],"collection":[{"href":"https:\/\/www.wachruetteln.com\/en\/wp-json\/wp\/v2\/pages"}],"about":[{"href":"https:\/\/www.wachruetteln.com\/en\/wp-json\/wp\/v2\/types\/page"}],"author":[{"embeddable":true,"href":"https:\/\/www.wachruetteln.com\/en\/wp-json\/wp\/v2\/users\/5"}],"replies":[{"embeddable":true,"href":"https:\/\/www.wachruetteln.com\/en\/wp-json\/wp\/v2\/comments?post=1858"}],"version-history":[{"count":44,"href":"https:\/\/www.wachruetteln.com\/en\/wp-json\/wp\/v2\/pages\/1858\/revisions"}],"predecessor-version":[{"id":2839,"href":"https:\/\/www.wachruetteln.com\/en\/wp-json\/wp\/v2\/pages\/1858\/revisions\/2839"}],"wp:attachment":[{"href":"https:\/\/www.wachruetteln.com\/en\/wp-json\/wp\/v2\/media?parent=1858"}],"curies":[{"name":"wp","href":"https:\/\/api.w.org\/{rel}","templated":true}]}}