{"id":2772,"date":"2026-01-23T09:40:48","date_gmt":"2026-01-23T08:40:48","guid":{"rendered":"https:\/\/www.wachruetteln.com\/?page_id=2772"},"modified":"2026-04-14T16:06:46","modified_gmt":"2026-04-14T14:06:46","slug":"startseite","status":"publish","type":"page","link":"https:\/\/www.wachruetteln.com\/en\/","title":{"rendered":"Home"},"content":{"rendered":"<div data-elementor-type=\"wp-page\" data-elementor-id=\"2772\" class=\"elementor elementor-2772\">\n\t\t\t\t\t\t<section class=\"elementor-section elementor-top-section elementor-element elementor-element-62059559 elementor-section-boxed elementor-section-height-default elementor-section-height-default\" data-id=\"62059559\" data-element_type=\"section\" data-e-type=\"section\">\n\t\t\t\t\t\t<div class=\"elementor-container elementor-column-gap-default\">\n\t\t\t\t\t<div class=\"elementor-column elementor-col-100 elementor-top-column elementor-element elementor-element-4e2e3a84\" data-id=\"4e2e3a84\" data-element_type=\"column\" data-e-type=\"column\">\n\t\t\t<div class=\"elementor-widget-wrap elementor-element-populated\">\n\t\t\t\t\t\t<div class=\"elementor-element elementor-element-564fa0d5 elementor-widget elementor-widget-heading\" data-id=\"564fa0d5\" data-element_type=\"widget\" data-e-type=\"widget\" data-widget_type=\"heading.default\">\n\t\t\t\t<div class=\"elementor-widget-container\">\n\t\t\t\t\t<h2 class=\"elementor-heading-title elementor-size-default\">Wachr\u00fctteln 18 \u2013 Was, das bleibt!<\/h2>\t\t\t\t<\/div>\n\t\t\t\t<\/div>\n\t\t\t\t<div class=\"elementor-element elementor-element-2a137f45 elementor-widget elementor-widget-image\" data-id=\"2a137f45\" data-element_type=\"widget\" data-e-type=\"widget\" data-widget_type=\"image.default\">\n\t\t\t\t<div class=\"elementor-widget-container\">\n\t\t\t\t\t\t\t\t\t\t\t\t\t\t\t\t<a href=\"https:\/\/www.wachruetteln.com\/en\/tickets\/\">\n\t\t\t\t\t\t\t<img fetchpriority=\"high\" decoding=\"async\" width=\"640\" height=\"800\" src=\"https:\/\/www.wachruetteln.com\/wp-content\/uploads\/2026\/04\/Insta_W18_Update-1080x1350px-01-819x1024.png\" class=\"attachment-large size-large wp-image-25134\" alt=\"\" srcset=\"https:\/\/www.wachruetteln.com\/wp-content\/uploads\/2026\/04\/Insta_W18_Update-1080x1350px-01-819x1024.png 819w, https:\/\/www.wachruetteln.com\/wp-content\/uploads\/2026\/04\/Insta_W18_Update-1080x1350px-01-240x300.png 240w, https:\/\/www.wachruetteln.com\/wp-content\/uploads\/2026\/04\/Insta_W18_Update-1080x1350px-01-768x960.png 768w, https:\/\/www.wachruetteln.com\/wp-content\/uploads\/2026\/04\/Insta_W18_Update-1080x1350px-01-1229x1536.png 1229w, https:\/\/www.wachruetteln.com\/wp-content\/uploads\/2026\/04\/Insta_W18_Update-1080x1350px-01-1638x2048.png 1638w, https:\/\/www.wachruetteln.com\/wp-content\/uploads\/2026\/04\/Insta_W18_Update-1080x1350px-01-10x12.png 10w, https:\/\/www.wachruetteln.com\/wp-content\/uploads\/2026\/04\/Insta_W18_Update-1080x1350px-01-600x750.png 600w, https:\/\/www.wachruetteln.com\/wp-content\/uploads\/2026\/04\/Insta_W18_Update-1080x1350px-01-scaled.png 2048w\" sizes=\"(max-width: 640px) 100vw, 640px\" \/>\t\t\t\t\t\t\t\t<\/a>\n\t\t\t\t\t\t\t\t\t\t\t\t\t\t\t<\/div>\n\t\t\t\t<\/div>\n\t\t\t\t<div class=\"elementor-element elementor-element-54aa9e1e elementor-widget elementor-widget-text-editor\" data-id=\"54aa9e1e\" data-element_type=\"widget\" data-e-type=\"widget\" data-widget_type=\"text-editor.default\">\n\t\t\t\t<div class=\"elementor-widget-container\">\n\t\t\t\t\t\t\t\t\t<p>Hallo Ihr Lieben,<\/p>\n<p>die Zeit rast und es sind nur noch 8 Wochen bis es am <strong>12.06.+13.06.2026<\/strong> endlich wieder hei\u00dft: WACHR\u00dcTTELN bei Yellotools.<\/p>\n<p>Mein Team und ich geben wieder 110% um dieses Wochenende f\u00fcr Euch unvergesslich zu gestalten. So nach und nach trudeln die Zusagen und Programmpunkte ein. Hier also mein erstes Update f\u00fcr Euch.<\/p>\n<p>Wir freuen uns, Euch an beiden Tagen unsere bisherigen WACHR\u00dcTTELN Partner vorstellen zu d\u00fcrfen.<\/p>\n<p>Neben den Industriepartnern <strong>DP Solutions, Orafol, 4 GM, ASLAN, Avery Dennison, COM 2 C, Corel Draw, Dataplot, IVM, Mimaki, Steinel, Sanft Veredelt sowie KE-Films<\/strong> findet Ihr auch die \u201eFolienprominenz\u201c wie <strong>Robin B\u00f6s, Rainer Lorz, Florian Knirsch<\/strong> und <strong>Justin Pate<\/strong> an beiden Tagen in den \u201eheiligen Hallen\u201c von Yellotools \ud83d\ude0a<\/p>\n<p>Ich freue mich pers\u00f6nlich auch besonders auf den Freitag \u2013 unserem Konferenz-Tag des \u201eSticky Stuff Summits\u201c. Auch hier k\u00f6nnen wir Euch schon einige Programmpunkte vorstellen:<\/p>\n<p>Uwe Niklas von DP Solutions wird \u00fcber <strong>\u201eBusiness und Kalkulation\u201c<\/strong> reden, Dataplot und Avery Dennison geben Euch mehr Sicherheit und \u00dcberblick zum Thema <strong>\u201eMaterialauswahl\u201c.<\/strong> Unser gesch\u00e4tzter Freund J\u00f6rg Rieger hat etwas ganz spannendes f\u00fcr Euch <strong>\u201eKI in der Werbetechnik\u201c<\/strong>. Lernt diese gro\u00dfartige Technologie besser zu verstehen und f\u00fcr Euch einzusetzen. Uwe Niklas von DP Solutions hat auch noch einen Block f\u00fcr Euch in petto: <strong>\u201eDie Werbetechniker Genossenschaft\u201c<\/strong>. Seid gespannt auf einen interessanten Ansatz. Bei der Wahl und Suche nach den perfekten Kolleginnen und Kollegen hilft Euch der Beitrag von Saphir Solutions <strong>\u201eModernes Recruiting von heute\u201c<\/strong>. Justin Pate gibt Euch einen <strong>\u201eDEEP DIVE\u201c<\/strong> in die Welt der Folierung und ich selbst werde Euch spannende Einblicke in die <strong>\u201eLEAN-Welt der Werbetechnik\u201c<\/strong> geben. Wir alle geben unser Bestes, dass Ihr alle nach dem Wochenende leichter, entspannter und erfolgreicher Euren Alltag angehen k\u00f6nnt.<\/p>\n<p>Derzeit arbeiten wir noch daran Euch ein Angebot \u00fcber eine Zertifizierung anzubieten, die Euch zur sicheren Arbeit an E-Fahrzeugen bef\u00e4higt und f\u00fcllen die Freitagsbl\u00f6cke mit den Themen <strong>\u201eBranche und Zukunft \u2013 wohin geht die Branche?\u201c<\/strong>, <strong>\u201eArbeitsschutz mal anders gedacht\u201c<\/strong> und die sog. <strong>\u201eFuck-up Stage\u201c <\/strong>(unsere B\u00fchne), auf der wir \u00fcber teure Fehler und deren Verhinderung\/Behebung diskutieren wollen.<\/p>\n<p>Ihr seht also: Es wird extrem spannend.<\/p>\n<p>Sichert Euch noch schnell Eure Pl\u00e4tze. Der Samstag ist \u201eopen limit\u201c aber der Freitag auf 80 Pl\u00e4tze limitiert. Bei Fragen oder Anregungen wendet Euch bitte jederzeit an mich oder mein gro\u00dfartiges Yello-Team unter der <a href=\"mailto:event@yellotools.com\">event@yellotools.com<\/a><\/p>\n<p><strong>Lasst uns das einzige Branchentreffen in Deutschland 2026 gemeinsam rocken.<\/strong><br \/>Ich freu mich tierisch auf Euch alle!<br \/><br \/>Euer Michel &amp; Team<\/p>\t\t\t\t\t\t\t\t<\/div>\n\t\t\t\t<\/div>\n\t\t\t\t<div class=\"elementor-element elementor-element-cd99528 elementor-align-center elementor-widget elementor-widget-button\" data-id=\"cd99528\" data-element_type=\"widget\" data-e-type=\"widget\" data-widget_type=\"button.default\">\n\t\t\t\t<div class=\"elementor-widget-container\">\n\t\t\t\t\t\t\t\t\t<div class=\"elementor-button-wrapper\">\n\t\t\t\t\t<a class=\"elementor-button elementor-button-link elementor-size-sm\" href=\"https:\/\/www.wachruetteln.com\/en\/tickets\/\">\n\t\t\t\t\t\t<span class=\"elementor-button-content-wrapper\">\n\t\t\t\t\t\t\t\t\t<span class=\"elementor-button-text\">Zu den Tickets<\/span>\n\t\t\t\t\t<\/span>\n\t\t\t\t\t<\/a>\n\t\t\t\t<\/div>\n\t\t\t\t\t\t\t\t<\/div>\n\t\t\t\t<\/div>\n\t\t\t\t<div class=\"elementor-element elementor-element-7c4526bd elementor-widget elementor-widget-spacer\" data-id=\"7c4526bd\" data-element_type=\"widget\" data-e-type=\"widget\" data-widget_type=\"spacer.default\">\n\t\t\t\t<div class=\"elementor-widget-container\">\n\t\t\t\t\t\t\t<div class=\"elementor-spacer\">\n\t\t\t<div class=\"elementor-spacer-inner\"><\/div>\n\t\t<\/div>\n\t\t\t\t\t\t<\/div>\n\t\t\t\t<\/div>\n\t\t\t\t\t<\/div>\n\t\t<\/div>\n\t\t\t\t\t<\/div>\n\t\t<\/section>\n\t\t\t\t<section class=\"elementor-section elementor-top-section elementor-element elementor-element-51ad4ae0 elementor-section-content-middle elementor-section-full_width elementor-section-stretched elementor-section-height-default elementor-section-height-default\" data-id=\"51ad4ae0\" data-element_type=\"section\" data-e-type=\"section\" data-settings=\"{&quot;background_background&quot;:&quot;classic&quot;,&quot;stretch_section&quot;:&quot;section-stretched&quot;}\">\n\t\t\t\t\t\t\t<div class=\"elementor-background-overlay\"><\/div>\n\t\t\t\t\t\t\t<div class=\"elementor-container elementor-column-gap-default\">\n\t\t\t\t\t<div class=\"elementor-column elementor-col-100 elementor-top-column elementor-element elementor-element-6a000020\" data-id=\"6a000020\" data-element_type=\"column\" data-e-type=\"column\" data-settings=\"{&quot;background_background&quot;:&quot;classic&quot;}\">\n\t\t\t<div class=\"elementor-widget-wrap elementor-element-populated\">\n\t\t\t\t\t\t<div class=\"elementor-element elementor-element-6171c864 elementor-invisible elementor-widget elementor-widget-text-editor\" data-id=\"6171c864\" data-element_type=\"widget\" data-e-type=\"widget\" data-settings=\"{&quot;_animation&quot;:&quot;fadeInDown&quot;}\" data-widget_type=\"text-editor.default\">\n\t\t\t\t<div class=\"elementor-widget-container\">\n\t\t\t\t\t\t\t\t\t<h1 style=\"margin-top: 60px; margin-bottom: 30px; color: #fff; font-size: 34px; font-weight: 800;\">\u00dcbernachtungsm\u00f6glichkeiten findest<br \/>Du zum Beispiel hier:<\/h1>\t\t\t\t\t\t\t\t<\/div>\n\t\t\t\t<\/div>\n\t\t\t\t<section class=\"elementor-section elementor-inner-section elementor-element elementor-element-a9fa39 elementor-section-boxed elementor-section-height-default elementor-section-height-default\" data-id=\"a9fa39\" data-element_type=\"section\" data-e-type=\"section\">\n\t\t\t\t\t\t<div class=\"elementor-container elementor-column-gap-default\">\n\t\t\t\t\t<div class=\"elementor-column elementor-col-50 elementor-inner-column elementor-element elementor-element-2dfdecfa\" data-id=\"2dfdecfa\" data-element_type=\"column\" data-e-type=\"column\">\n\t\t\t<div class=\"elementor-widget-wrap elementor-element-populated\">\n\t\t\t\t\t\t<section class=\"elementor-section elementor-inner-section elementor-element elementor-element-74c400d1 elementor-section-boxed elementor-section-height-default elementor-section-height-default\" data-id=\"74c400d1\" data-element_type=\"section\" data-e-type=\"section\">\n\t\t\t\t\t\t<div class=\"elementor-container elementor-column-gap-default\">\n\t\t\t\t\t<div class=\"elementor-column elementor-col-50 elementor-inner-column elementor-element elementor-element-ac54bf5\" data-id=\"ac54bf5\" data-element_type=\"column\" data-e-type=\"column\">\n\t\t\t<div class=\"elementor-widget-wrap elementor-element-populated\">\n\t\t\t\t\t\t<div class=\"elementor-element elementor-element-27391bfc elementor-widget elementor-widget-text-editor\" data-id=\"27391bfc\" data-element_type=\"widget\" data-e-type=\"widget\" data-widget_type=\"text-editor.default\">\n\t\t\t\t<div class=\"elementor-widget-container\">\n\t\t\t\t\t\t\t\t\t<p style=\"font-weight: bold; color: white;\">\ud83c\udfe0 DJH Jugendherberge<\/p>\n<p style=\"color: white;\">Windeck Rosbach<br \/>02292 956260 <br \/><a style=\"color: white;\" href=\"http:\/\/www.jugendherberge.de\">www.jugendherberge.de<\/a> <br \/>windeck@jugendherberge.de<\/p>\t\t\t\t\t\t\t\t<\/div>\n\t\t\t\t<\/div>\n\t\t\t\t\t<\/div>\n\t\t<\/div>\n\t\t\t\t<div class=\"elementor-column elementor-col-50 elementor-inner-column elementor-element elementor-element-6ac9b5b6\" data-id=\"6ac9b5b6\" data-element_type=\"column\" data-e-type=\"column\">\n\t\t\t<div class=\"elementor-widget-wrap elementor-element-populated\">\n\t\t\t\t\t\t<div class=\"elementor-element elementor-element-17a69355 elementor-widget elementor-widget-text-editor\" data-id=\"17a69355\" data-element_type=\"widget\" data-e-type=\"widget\" data-widget_type=\"text-editor.default\">\n\t\t\t\t<div class=\"elementor-widget-container\">\n\t\t\t\t\t\t\t\t\t<p style=\"font-weight: bold; color: white;\">\ud83c\udfe0Hotel Willmeroth<\/p>\n<p style=\"color: white;\">Windeck Mauel<br \/>02292 91330<br \/><a style=\"color: white;\" href=\"http:\/\/www.hotel-willmeroth-windeck.de\">www.hotel-willmeroth-windeck.de<\/a> hotelwillmerothwindeck@gmail.com<\/p>\t\t\t\t\t\t\t\t<\/div>\n\t\t\t\t<\/div>\n\t\t\t\t\t<\/div>\n\t\t<\/div>\n\t\t\t\t\t<\/div>\n\t\t<\/section>\n\t\t\t\t\t<\/div>\n\t\t<\/div>\n\t\t\t\t<div class=\"elementor-column elementor-col-50 elementor-inner-column elementor-element elementor-element-531356b4\" data-id=\"531356b4\" data-element_type=\"column\" data-e-type=\"column\">\n\t\t\t<div class=\"elementor-widget-wrap elementor-element-populated\">\n\t\t\t\t\t\t<div class=\"elementor-element elementor-element-12f3a88 elementor-widget elementor-widget-text-editor\" data-id=\"12f3a88\" data-element_type=\"widget\" data-e-type=\"widget\" data-widget_type=\"text-editor.default\">\n\t\t\t\t<div class=\"elementor-widget-container\">\n\t\t\t\t\t\t\t\t\t<p style=\"font-weight: bold; color: white;\">\ud83c\udfe0 Hotel Sch\u00fctzenhof<\/p>\n<p style=\"color: white;\">Eitorf <br\/>002243 8870<br\/> <a href=\"http:\/\/www.hotel-schuetzenhof-eitorf.de\" style=\"color:white\">www.hotel-schuetzenhof-eitorf.de<\/a><br \/>info@hotelschuetzenhof.de<\/p>\t\t\t\t\t\t\t\t<\/div>\n\t\t\t\t<\/div>\n\t\t\t\t\t<\/div>\n\t\t<\/div>\n\t\t\t\t\t<\/div>\n\t\t<\/section>\n\t\t\t\t<section class=\"elementor-section elementor-inner-section elementor-element elementor-element-712972b9 elementor-section-boxed elementor-section-height-default elementor-section-height-default\" data-id=\"712972b9\" data-element_type=\"section\" data-e-type=\"section\">\n\t\t\t\t\t\t<div class=\"elementor-container elementor-column-gap-default\">\n\t\t\t\t\t<div class=\"elementor-column elementor-col-50 elementor-inner-column elementor-element elementor-element-4595c7e2\" data-id=\"4595c7e2\" data-element_type=\"column\" data-e-type=\"column\">\n\t\t\t<div class=\"elementor-widget-wrap elementor-element-populated\">\n\t\t\t\t\t\t<div class=\"elementor-element elementor-element-4448f8c6 elementor-widget elementor-widget-text-editor\" data-id=\"4448f8c6\" data-element_type=\"widget\" data-e-type=\"widget\" data-widget_type=\"text-editor.default\">\n\t\t\t\t<div class=\"elementor-widget-container\">\n\t\t\t\t\t\t\t\t\t<p style=\"font-weight: bold; color: white;\"><img decoding=\"async\" class=\"emoji\" role=\"img\" draggable=\"false\" src=\"https:\/\/s.w.org\/images\/core\/emoji\/15.0.3\/svg\/1f3e0.svg\" alt=\"\ud83c\udfe0\" \/>\u00a0Alte Vogtei<\/p>\n<p style=\"color: white;\">Lindenallee 3,<br\/> 57577 Hamm\/Sieg<br\/> +49 (0)2682 259 <br\/><a style=\"color: white;\" href=\"http:\/\/www.altevogtei.de\">www.altevogtei.de<\/a> <br\/>mail@altevogtei.de<\/p>\t\t\t\t\t\t\t\t<\/div>\n\t\t\t\t<\/div>\n\t\t\t\t\t<\/div>\n\t\t<\/div>\n\t\t\t\t<div class=\"elementor-column elementor-col-50 elementor-inner-column elementor-element elementor-element-4cc63e8f\" data-id=\"4cc63e8f\" data-element_type=\"column\" data-e-type=\"column\">\n\t\t\t<div class=\"elementor-widget-wrap elementor-element-populated\">\n\t\t\t\t\t\t<div class=\"elementor-element elementor-element-53c4b0ce elementor-widget__width-initial elementor-widget elementor-widget-text-editor\" data-id=\"53c4b0ce\" data-element_type=\"widget\" data-e-type=\"widget\" data-widget_type=\"text-editor.default\">\n\t\t\t\t<div class=\"elementor-widget-container\">\n\t\t\t\t\t\t\t\t\t<p style=\"font-weight: bold; color: white;\">\ud83c\udfe0Pension Eulenhof<\/p>\n<p style=\"color: white;\">Im Eulenbruch 12,<\/br> 51570 Windeck-Rosbach<\/br>  02292 \u2013 959 276 <\/br> <a style=\"color: white;\" href=\"http:\/\/www.pension-eulenhof.vasters.de\">www.pension-eulenhof.vasters.de<\/a><\/p>\t\t\t\t\t\t\t\t<\/div>\n\t\t\t\t<\/div>\n\t\t\t\t<div class=\"elementor-element elementor-element-750f7d03 elementor-widget__width-initial elementor-widget elementor-widget-text-editor\" data-id=\"750f7d03\" data-element_type=\"widget\" data-e-type=\"widget\" data-widget_type=\"text-editor.default\">\n\t\t\t\t<div class=\"elementor-widget-container\">\n\t\t\t\t\t\t\t\t\t<p style=\"font-weight: bold; color: white;\"><img decoding=\"async\" class=\"emoji\" role=\"img\" draggable=\"false\" src=\"https:\/\/s.w.org\/images\/core\/emoji\/15.0.3\/svg\/1f3e0.svg\" alt=\"\ud83c\udfe0\" \/>Hotel Auerm\u00fchle<\/p>\n<p style=\"color: white;\">Auerm\u00fchle 4, <\/br>\n57577 Hamm\/Sieg<\/br>\n+49 (0)2682 251<\/br>\n<a style=\"color: white;\" href=\"http:\/\/www.hotel-auermuehle.de\">www.hotel-auermuehle.de<\/a><\/br>\nhotel-Auermuehle@online.de<\/p>\t\t\t\t\t\t\t\t<\/div>\n\t\t\t\t<\/div>\n\t\t\t\t\t<\/div>\n\t\t<\/div>\n\t\t\t\t\t<\/div>\n\t\t<\/section>\n\t\t\t\t\t<\/div>\n\t\t<\/div>\n\t\t\t\t\t<\/div>\n\t\t<\/section>\n\t\t\t\t<section class=\"elementor-section elementor-top-section elementor-element elementor-element-bcba722 elementor-section-boxed elementor-section-height-default elementor-section-height-default\" data-id=\"bcba722\" data-element_type=\"section\" data-e-type=\"section\">\n\t\t\t\t\t\t<div class=\"elementor-container elementor-column-gap-default\">\n\t\t\t\t\t<div class=\"elementor-column elementor-col-100 elementor-top-column elementor-element elementor-element-289171fc\" data-id=\"289171fc\" data-element_type=\"column\" data-e-type=\"column\">\n\t\t\t<div class=\"elementor-widget-wrap\">\n\t\t\t\t\t\t\t<\/div>\n\t\t<\/div>\n\t\t\t\t\t<\/div>\n\t\t<\/section>\n\t\t\t\t<section class=\"elementor-section elementor-top-section elementor-element elementor-element-112b6961 elementor-section-boxed elementor-section-height-default elementor-section-height-default\" data-id=\"112b6961\" data-element_type=\"section\" data-e-type=\"section\">\n\t\t\t\t\t\t<div class=\"elementor-container elementor-column-gap-default\">\n\t\t\t\t\t<div class=\"elementor-column elementor-col-100 elementor-top-column elementor-element elementor-element-53233e49\" data-id=\"53233e49\" data-element_type=\"column\" data-e-type=\"column\">\n\t\t\t<div class=\"elementor-widget-wrap\">\n\t\t\t\t\t\t\t<\/div>\n\t\t<\/div>\n\t\t\t\t\t<\/div>\n\t\t<\/section>\n\t\t\t\t<section class=\"elementor-section elementor-top-section elementor-element elementor-element-46c85b65 elementor-section-content-middle elementor-reverse-mobile elementor-section-stretched elementor-reverse-tablet elementor-section-full_width elementor-section-height-default elementor-section-height-default\" data-id=\"46c85b65\" data-element_type=\"section\" data-e-type=\"section\" data-settings=\"{&quot;stretch_section&quot;:&quot;section-stretched&quot;,&quot;background_background&quot;:&quot;classic&quot;}\">\n\t\t\t\t\t\t\t<div class=\"elementor-background-overlay\"><\/div>\n\t\t\t\t\t\t\t<div class=\"elementor-container elementor-column-gap-default\">\n\t\t\t\t\t<div class=\"elementor-column elementor-col-50 elementor-top-column elementor-element elementor-element-5d800bf2\" data-id=\"5d800bf2\" data-element_type=\"column\" data-e-type=\"column\">\n\t\t\t<div class=\"elementor-widget-wrap elementor-element-populated\">\n\t\t\t\t\t\t<div class=\"elementor-element elementor-element-17ae1c82 elementor-widget elementor-widget-heading\" data-id=\"17ae1c82\" data-element_type=\"widget\" data-e-type=\"widget\" data-widget_type=\"heading.default\">\n\t\t\t\t<div class=\"elementor-widget-container\">\n\t\t\t\t\t<h2 class=\"elementor-heading-title elementor-size-default\"><h1 style=\"margin-bottom: 30px;font-size: 34px;font-weight: 800\">Location:<\/h1><\/h2>\t\t\t\t<\/div>\n\t\t\t\t<\/div>\n\t\t\t\t<div class=\"elementor-element elementor-element-49a3bc29 elementor-widget elementor-widget-text-editor\" data-id=\"49a3bc29\" data-element_type=\"widget\" data-e-type=\"widget\" data-widget_type=\"text-editor.default\">\n\t\t\t\t<div class=\"elementor-widget-container\">\n\t\t\t\t\t\t\t\t\tYellotools GmbH<br\/>\nWilberhofener Str. 3<br\/>\n51570 Windeck<br\/>\n<a href=\"https:\/\/www.yellotools.com\/de\/\" rel=\"noopener\" target=\"_blank\" style=\"color:black\"\n>www.yellotools.com<\/a>\n<div><\/div>\t\t\t\t\t\t\t\t<\/div>\n\t\t\t\t<\/div>\n\t\t\t\t\t<\/div>\n\t\t<\/div>\n\t\t\t\t<div class=\"elementor-column elementor-col-50 elementor-top-column elementor-element elementor-element-a94dc73\" data-id=\"a94dc73\" data-element_type=\"column\" data-e-type=\"column\">\n\t\t\t<div class=\"elementor-widget-wrap elementor-element-populated\">\n\t\t\t\t\t\t<div class=\"elementor-element elementor-element-ca14ac4 elementor-widget__width-initial elementor-widget elementor-widget-google_maps\" data-id=\"ca14ac4\" data-element_type=\"widget\" data-e-type=\"widget\" data-widget_type=\"google_maps.default\">\n\t\t\t\t<div class=\"elementor-widget-container\">\n\t\t\t\t\t\t\t<div class=\"elementor-custom-embed\">\n\t\t\t<iframe loading=\"lazy\"\n\t\t\t\t\tsrc=\"https:\/\/maps.google.com\/maps?q=Yellotools&#038;t=m&#038;z=10&#038;output=embed&#038;iwloc=near\"\n\t\t\t\t\ttitle=\"Yellotools\"\n\t\t\t\t\taria-label=\"Yellotools\"\n\t\t\t><\/iframe>\n\t\t<\/div>\n\t\t\t\t\t\t<\/div>\n\t\t\t\t<\/div>\n\t\t\t\t\t<\/div>\n\t\t<\/div>\n\t\t\t\t\t<\/div>\n\t\t<\/section>\n\t\t\t\t<\/div>","protected":false},"excerpt":{"rendered":"<p>Wachr\u00fctteln 18 \u2013 Was, das bleibt! Hallo Ihr Lieben, die Zeit rast und es sind nur noch 8 Wochen bis es am 12.06.+13.06.2026 endlich wieder hei\u00dft: WACHR\u00dcTTELN bei Yellotools. Mein Team und ich geben wieder 110% um dieses Wochenende f\u00fcr Euch unvergesslich zu gestalten. So nach und nach trudeln die Zusagen und Programmpunkte ein. Hier<\/p>\n<div class=\"more-link\">\n\t\t\t\t <a href=\"https:\/\/www.wachruetteln.com\/en\/\" class=\"btn theme-btn\"><span>Continue Reading <\/span><i class=\"icofont-thin-double-right\"><\/i><\/a>\n\t\t\t<\/div>","protected":false},"author":5,"featured_media":0,"parent":0,"menu_order":0,"comment_status":"closed","ping_status":"closed","template":"","meta":{"footnotes":""},"class_list":["post-2772","page","type-page","status-publish","hentry"],"_links":{"self":[{"href":"https:\/\/www.wachruetteln.com\/en\/wp-json\/wp\/v2\/pages\/2772","targetHints":{"allow":["GET"]}}],"collection":[{"href":"https:\/\/www.wachruetteln.com\/en\/wp-json\/wp\/v2\/pages"}],"about":[{"href":"https:\/\/www.wachruetteln.com\/en\/wp-json\/wp\/v2\/types\/page"}],"author":[{"embeddable":true,"href":"https:\/\/www.wachruetteln.com\/en\/wp-json\/wp\/v2\/users\/5"}],"replies":[{"embeddable":true,"href":"https:\/\/www.wachruetteln.com\/en\/wp-json\/wp\/v2\/comments?post=2772"}],"version-history":[{"count":28,"href":"https:\/\/www.wachruetteln.com\/en\/wp-json\/wp\/v2\/pages\/2772\/revisions"}],"predecessor-version":[{"id":25156,"href":"https:\/\/www.wachruetteln.com\/en\/wp-json\/wp\/v2\/pages\/2772\/revisions\/25156"}],"wp:attachment":[{"href":"https:\/\/www.wachruetteln.com\/en\/wp-json\/wp\/v2\/media?parent=2772"}],"curies":[{"name":"wp","href":"https:\/\/api.w.org\/{rel}","templated":true}]}}