{"id":2781,"date":"2026-01-23T09:50:23","date_gmt":"2026-01-23T08:50:23","guid":{"rendered":"https:\/\/www.wachruetteln.com\/?page_id=2781"},"modified":"2026-01-23T10:45:07","modified_gmt":"2026-01-23T09:45:07","slug":"zeitreise-durch-die-vergangenheit","status":"publish","type":"page","link":"https:\/\/www.wachruetteln.com\/en\/zeitreise-durch-die-vergangenheit\/","title":{"rendered":"Zeitreise durch die Vergangenheit"},"content":{"rendered":"<div data-elementor-type=\"wp-page\" data-elementor-id=\"2781\" class=\"elementor elementor-2781\">\n\t\t\t\t\t\t<section class=\"elementor-section elementor-top-section elementor-element elementor-element-18c02815 elementor-section-boxed elementor-section-height-default elementor-section-height-default\" data-id=\"18c02815\" data-element_type=\"section\" data-e-type=\"section\">\n\t\t\t\t\t\t<div class=\"elementor-container elementor-column-gap-default\">\n\t\t\t\t\t<div class=\"elementor-column elementor-col-100 elementor-top-column elementor-element elementor-element-7a2e7fb7\" data-id=\"7a2e7fb7\" data-element_type=\"column\" data-e-type=\"column\">\n\t\t\t<div class=\"elementor-widget-wrap elementor-element-populated\">\n\t\t\t\t\t\t<div class=\"elementor-element elementor-element-46cddf7a elementor-widget elementor-widget-heading\" data-id=\"46cddf7a\" data-element_type=\"widget\" data-e-type=\"widget\" data-widget_type=\"heading.default\">\n\t\t\t\t<div class=\"elementor-widget-container\">\n\t\t\t\t\t<h2 class=\"elementor-heading-title elementor-size-default\">Willkommen auf einer Zeitreise durch die Vergangenheit<\/h2>\t\t\t\t<\/div>\n\t\t\t\t<\/div>\n\t\t\t\t<div class=\"elementor-element elementor-element-62beae9f elementor-widget elementor-widget-text-editor\" data-id=\"62beae9f\" data-element_type=\"widget\" data-e-type=\"widget\" data-widget_type=\"text-editor.default\">\n\t\t\t\t<div class=\"elementor-widget-container\">\n\t\t\t\t\t\t\t\t\t<p>Manche Momente bleiben. Nicht, weil sie laut waren, sondern weil sie etwas in uns bewegt haben.<\/p><p>Wachr\u00fctteln war nie nur ein Event. Es waren Begegnungen, Gedanken, Gef\u00fchle. <br \/>Abende, an denen Worte h\u00e4ngen geblieben sind. Augenblicke, in denen etwas geknackt hat, leise oder mit voller Wucht. Vielleicht ein neuer Gedanke. Vielleicht Mut. Vielleicht einfach das Gef\u00fchl, nicht allein zu sein.<\/p><p>Auf dieser Seite \u00f6ffnen wir das Archiv. Wir bl\u00e4ttern zur\u00fcck durch die vergangenen Jahre Wachr\u00fctteln. Lies nach. Sp\u00fcr nach. Erinner dich. Oder entdecke diese Momente ganz neu.<\/p><p>Denn auch wenn die Zeit vergeht, manches wirkt weiter.<\/p>\t\t\t\t\t\t\t\t<\/div>\n\t\t\t\t<\/div>\n\t\t\t\t<div class=\"elementor-element elementor-element-38a9983c elementor-align-center elementor-widget elementor-widget-button\" data-id=\"38a9983c\" data-element_type=\"widget\" data-e-type=\"widget\" data-widget_type=\"button.default\">\n\t\t\t\t<div class=\"elementor-widget-container\">\n\t\t\t\t\t\t\t\t\t<div class=\"elementor-button-wrapper\">\n\t\t\t\t\t<a class=\"elementor-button elementor-button-link elementor-size-sm\" href=\"https:\/\/www.wachruetteln.com\/en\/fotogalerie\/\">\n\t\t\t\t\t\t<span class=\"elementor-button-content-wrapper\">\n\t\t\t\t\t\t<span class=\"elementor-button-icon\">\n\t\t\t\t<i aria-hidden=\"true\" class=\"far fa-arrow-alt-circle-right\"><\/i>\t\t\t<\/span>\n\t\t\t\t\t\t\t\t\t<span class=\"elementor-button-text\">zu den Fotos<\/span>\n\t\t\t\t\t<\/span>\n\t\t\t\t\t<\/a>\n\t\t\t\t<\/div>\n\t\t\t\t\t\t\t\t<\/div>\n\t\t\t\t<\/div>\n\t\t\t\t<div class=\"elementor-element elementor-element-7613f112 elementor-widget elementor-widget-spacer\" data-id=\"7613f112\" data-element_type=\"widget\" data-e-type=\"widget\" data-widget_type=\"spacer.default\">\n\t\t\t\t<div class=\"elementor-widget-container\">\n\t\t\t\t\t\t\t<div class=\"elementor-spacer\">\n\t\t\t<div class=\"elementor-spacer-inner\"><\/div>\n\t\t<\/div>\n\t\t\t\t\t\t<\/div>\n\t\t\t\t<\/div>\n\t\t\t\t\t<\/div>\n\t\t<\/div>\n\t\t\t\t\t<\/div>\n\t\t<\/section>\n\t\t\t\t<section class=\"elementor-section elementor-top-section elementor-element elementor-element-20950ade elementor-section-content-middle elementor-section-full_width elementor-section-stretched elementor-section-height-default elementor-section-height-default\" data-id=\"20950ade\" data-element_type=\"section\" data-e-type=\"section\" data-settings=\"{&quot;background_background&quot;:&quot;classic&quot;,&quot;stretch_section&quot;:&quot;section-stretched&quot;}\">\n\t\t\t\t\t\t\t<div class=\"elementor-background-overlay\"><\/div>\n\t\t\t\t\t\t\t<div class=\"elementor-container elementor-column-gap-default\">\n\t\t\t\t\t<div class=\"elementor-column elementor-col-100 elementor-top-column elementor-element elementor-element-64d70682\" data-id=\"64d70682\" data-element_type=\"column\" data-e-type=\"column\" data-settings=\"{&quot;background_background&quot;:&quot;classic&quot;}\">\n\t\t\t<div class=\"elementor-widget-wrap elementor-element-populated\">\n\t\t\t\t\t\t<div class=\"elementor-element elementor-element-5b6b2f94 elementor-widget__width-initial elementor-invisible elementor-widget elementor-widget-text-editor\" data-id=\"5b6b2f94\" data-element_type=\"widget\" data-e-type=\"widget\" data-settings=\"{&quot;_animation&quot;:&quot;fadeInDown&quot;}\" data-widget_type=\"text-editor.default\">\n\t\t\t\t<div class=\"elementor-widget-container\">\n\t\t\t\t\t\t\t\t\t<h1 style=\"margin-top: 60px; margin-bottom: 30px; color: #fff; font-size: 34px; font-weight: 800;\">\u00dcbernachtungsm\u00f6glichkeiten findest<br \/>Du zum Beispiel hier:<\/h1>\t\t\t\t\t\t\t\t<\/div>\n\t\t\t\t<\/div>\n\t\t\t\t<section class=\"elementor-section elementor-inner-section elementor-element elementor-element-68545d61 elementor-section-boxed elementor-section-height-default elementor-section-height-default\" data-id=\"68545d61\" data-element_type=\"section\" data-e-type=\"section\">\n\t\t\t\t\t\t<div class=\"elementor-container elementor-column-gap-default\">\n\t\t\t\t\t<div class=\"elementor-column elementor-col-50 elementor-inner-column elementor-element elementor-element-6daeaf54\" data-id=\"6daeaf54\" data-element_type=\"column\" data-e-type=\"column\">\n\t\t\t<div class=\"elementor-widget-wrap elementor-element-populated\">\n\t\t\t\t\t\t<section class=\"elementor-section elementor-inner-section elementor-element elementor-element-75a9d166 elementor-section-boxed elementor-section-height-default elementor-section-height-default\" data-id=\"75a9d166\" data-element_type=\"section\" data-e-type=\"section\">\n\t\t\t\t\t\t<div class=\"elementor-container elementor-column-gap-default\">\n\t\t\t\t\t<div class=\"elementor-column elementor-col-50 elementor-inner-column elementor-element elementor-element-78c20f8a\" data-id=\"78c20f8a\" data-element_type=\"column\" data-e-type=\"column\">\n\t\t\t<div class=\"elementor-widget-wrap elementor-element-populated\">\n\t\t\t\t\t\t<div class=\"elementor-element elementor-element-519849fd elementor-widget elementor-widget-text-editor\" data-id=\"519849fd\" data-element_type=\"widget\" data-e-type=\"widget\" data-widget_type=\"text-editor.default\">\n\t\t\t\t<div class=\"elementor-widget-container\">\n\t\t\t\t\t\t\t\t\t<p style=\"font-weight: bold; color: white;\">\ud83c\udfe0 DJH Jugendherberge<\/p>\n<p style=\"color: white;\">Windeck Rosbach<br \/>02292 956260 <br \/><a style=\"color: white;\" href=\"http:\/\/www.jugendherberge.de\">www.jugendherberge.de<\/a> <br \/>windeck@jugendherberge.de<\/p>\t\t\t\t\t\t\t\t<\/div>\n\t\t\t\t<\/div>\n\t\t\t\t\t<\/div>\n\t\t<\/div>\n\t\t\t\t<div class=\"elementor-column elementor-col-50 elementor-inner-column elementor-element elementor-element-12da4afc\" data-id=\"12da4afc\" data-element_type=\"column\" data-e-type=\"column\">\n\t\t\t<div class=\"elementor-widget-wrap elementor-element-populated\">\n\t\t\t\t\t\t<div class=\"elementor-element elementor-element-585ac094 elementor-widget elementor-widget-text-editor\" data-id=\"585ac094\" data-element_type=\"widget\" data-e-type=\"widget\" data-widget_type=\"text-editor.default\">\n\t\t\t\t<div class=\"elementor-widget-container\">\n\t\t\t\t\t\t\t\t\t<p style=\"font-weight: bold; color: white;\">\ud83c\udfe0Hotel Willmeroth<\/p>\n<p style=\"color: white;\">Windeck Mauel<br \/>02292 91330<br \/><a style=\"color: white;\" href=\"http:\/\/www.hotel-willmeroth-windeck.de\">www.hotel-willmeroth-windeck.de<\/a> hotelwillmerothwindeck@gmail.com<\/p>\t\t\t\t\t\t\t\t<\/div>\n\t\t\t\t<\/div>\n\t\t\t\t\t<\/div>\n\t\t<\/div>\n\t\t\t\t\t<\/div>\n\t\t<\/section>\n\t\t\t\t\t<\/div>\n\t\t<\/div>\n\t\t\t\t<div class=\"elementor-column elementor-col-50 elementor-inner-column elementor-element elementor-element-2845b116\" data-id=\"2845b116\" data-element_type=\"column\" data-e-type=\"column\">\n\t\t\t<div class=\"elementor-widget-wrap elementor-element-populated\">\n\t\t\t\t\t\t<div class=\"elementor-element elementor-element-531df901 elementor-widget elementor-widget-text-editor\" data-id=\"531df901\" data-element_type=\"widget\" data-e-type=\"widget\" data-widget_type=\"text-editor.default\">\n\t\t\t\t<div class=\"elementor-widget-container\">\n\t\t\t\t\t\t\t\t\t<p style=\"font-weight: bold; color: white;\">\ud83c\udfe0 Hotel Sch\u00fctzenhof<\/p>\n<p style=\"color: white;\">Eitorf <br\/>002243 8870<br\/> <a href=\"http:\/\/www.hotel-schuetzenhof-eitorf.de\" style=\"color:white\">www.hotel-schuetzenhof-eitorf.de<\/a><br \/>info@hotelschuetzenhof.de<\/p>\t\t\t\t\t\t\t\t<\/div>\n\t\t\t\t<\/div>\n\t\t\t\t\t<\/div>\n\t\t<\/div>\n\t\t\t\t\t<\/div>\n\t\t<\/section>\n\t\t\t\t<section class=\"elementor-section elementor-inner-section elementor-element elementor-element-3d956b5f elementor-section-boxed elementor-section-height-default elementor-section-height-default\" data-id=\"3d956b5f\" data-element_type=\"section\" data-e-type=\"section\">\n\t\t\t\t\t\t<div class=\"elementor-container elementor-column-gap-default\">\n\t\t\t\t\t<div class=\"elementor-column elementor-col-50 elementor-inner-column elementor-element elementor-element-4205cd71\" data-id=\"4205cd71\" data-element_type=\"column\" data-e-type=\"column\">\n\t\t\t<div class=\"elementor-widget-wrap elementor-element-populated\">\n\t\t\t\t\t\t<div class=\"elementor-element elementor-element-4349a355 elementor-widget elementor-widget-text-editor\" data-id=\"4349a355\" data-element_type=\"widget\" data-e-type=\"widget\" data-widget_type=\"text-editor.default\">\n\t\t\t\t<div class=\"elementor-widget-container\">\n\t\t\t\t\t\t\t\t\t<p style=\"font-weight: bold; color: white;\"><img decoding=\"async\" class=\"emoji\" role=\"img\" draggable=\"false\" src=\"https:\/\/s.w.org\/images\/core\/emoji\/15.0.3\/svg\/1f3e0.svg\" alt=\"\ud83c\udfe0\" \/>\u00a0Alte Vogtei<\/p>\n<p style=\"color: white;\">Lindenallee 3,<br\/> 57577 Hamm\/Sieg<br\/> +49 (0)2682 259 <br\/><a style=\"color: white;\" href=\"http:\/\/www.altevogtei.de\">www.altevogtei.de<\/a> <br\/>mail@altevogtei.de<\/p>\t\t\t\t\t\t\t\t<\/div>\n\t\t\t\t<\/div>\n\t\t\t\t\t<\/div>\n\t\t<\/div>\n\t\t\t\t<div class=\"elementor-column elementor-col-50 elementor-inner-column elementor-element elementor-element-17af7650\" data-id=\"17af7650\" data-element_type=\"column\" data-e-type=\"column\">\n\t\t\t<div class=\"elementor-widget-wrap elementor-element-populated\">\n\t\t\t\t\t\t<div class=\"elementor-element elementor-element-52990eb1 elementor-widget__width-initial elementor-widget elementor-widget-text-editor\" data-id=\"52990eb1\" data-element_type=\"widget\" data-e-type=\"widget\" data-widget_type=\"text-editor.default\">\n\t\t\t\t<div class=\"elementor-widget-container\">\n\t\t\t\t\t\t\t\t\t<p style=\"font-weight: bold; color: white;\">\ud83c\udfe0Pension Eulenhof<\/p>\n<p style=\"color: white;\">Im Eulenbruch 12,<\/br> 51570 Windeck-Rosbach<\/br>  02292 \u2013 959 276 <\/br> <a style=\"color: white;\" href=\"http:\/\/www.pension-eulenhof.vasters.de\">www.pension-eulenhof.vasters.de<\/a><\/p>\t\t\t\t\t\t\t\t<\/div>\n\t\t\t\t<\/div>\n\t\t\t\t<div class=\"elementor-element elementor-element-229d6b56 elementor-widget__width-initial elementor-widget elementor-widget-text-editor\" data-id=\"229d6b56\" data-element_type=\"widget\" data-e-type=\"widget\" data-widget_type=\"text-editor.default\">\n\t\t\t\t<div class=\"elementor-widget-container\">\n\t\t\t\t\t\t\t\t\t<p style=\"font-weight: bold; color: white;\"><img decoding=\"async\" class=\"emoji\" role=\"img\" draggable=\"false\" src=\"https:\/\/s.w.org\/images\/core\/emoji\/15.0.3\/svg\/1f3e0.svg\" alt=\"\ud83c\udfe0\" \/>Hotel Auerm\u00fchle<\/p>\n<p style=\"color: white;\">Auerm\u00fchle 4, <\/br>\n57577 Hamm\/Sieg<\/br>\n+49 (0)2682 251<\/br>\n<a style=\"color: white;\" href=\"http:\/\/www.hotel-auermuehle.de\">www.hotel-auermuehle.de<\/a><\/br>\nhotel-Auermuehle@online.de<\/p>\t\t\t\t\t\t\t\t<\/div>\n\t\t\t\t<\/div>\n\t\t\t\t\t<\/div>\n\t\t<\/div>\n\t\t\t\t\t<\/div>\n\t\t<\/section>\n\t\t\t\t\t<\/div>\n\t\t<\/div>\n\t\t\t\t\t<\/div>\n\t\t<\/section>\n\t\t\t\t<section class=\"elementor-section elementor-top-section elementor-element elementor-element-12386bc5 elementor-section-boxed elementor-section-height-default elementor-section-height-default\" data-id=\"12386bc5\" data-element_type=\"section\" data-e-type=\"section\">\n\t\t\t\t\t\t<div class=\"elementor-container elementor-column-gap-default\">\n\t\t\t\t\t<div class=\"elementor-column elementor-col-100 elementor-top-column elementor-element elementor-element-23d57b97\" data-id=\"23d57b97\" data-element_type=\"column\" data-e-type=\"column\">\n\t\t\t<div class=\"elementor-widget-wrap\">\n\t\t\t\t\t\t\t<\/div>\n\t\t<\/div>\n\t\t\t\t\t<\/div>\n\t\t<\/section>\n\t\t\t\t<section class=\"elementor-section elementor-top-section elementor-element elementor-element-445d3c3b elementor-section-boxed elementor-section-height-default elementor-section-height-default\" data-id=\"445d3c3b\" data-element_type=\"section\" data-e-type=\"section\">\n\t\t\t\t\t\t<div class=\"elementor-container elementor-column-gap-default\">\n\t\t\t\t\t<div class=\"elementor-column elementor-col-100 elementor-top-column elementor-element elementor-element-4213f5dc\" data-id=\"4213f5dc\" data-element_type=\"column\" data-e-type=\"column\">\n\t\t\t<div class=\"elementor-widget-wrap\">\n\t\t\t\t\t\t\t<\/div>\n\t\t<\/div>\n\t\t\t\t\t<\/div>\n\t\t<\/section>\n\t\t\t\t<section class=\"elementor-section elementor-top-section elementor-element elementor-element-617666f8 elementor-section-content-middle elementor-reverse-mobile elementor-section-stretched elementor-reverse-tablet elementor-section-boxed elementor-section-height-default elementor-section-height-default\" data-id=\"617666f8\" data-element_type=\"section\" data-e-type=\"section\" data-settings=\"{&quot;stretch_section&quot;:&quot;section-stretched&quot;,&quot;background_background&quot;:&quot;classic&quot;}\">\n\t\t\t\t\t\t\t<div class=\"elementor-background-overlay\"><\/div>\n\t\t\t\t\t\t\t<div class=\"elementor-container elementor-column-gap-default\">\n\t\t\t\t\t<div class=\"elementor-column elementor-col-50 elementor-top-column elementor-element elementor-element-420722dd\" data-id=\"420722dd\" data-element_type=\"column\" data-e-type=\"column\">\n\t\t\t<div class=\"elementor-widget-wrap elementor-element-populated\">\n\t\t\t\t\t\t<div class=\"elementor-element elementor-element-58c09239 elementor-widget elementor-widget-heading\" data-id=\"58c09239\" data-element_type=\"widget\" data-e-type=\"widget\" data-widget_type=\"heading.default\">\n\t\t\t\t<div class=\"elementor-widget-container\">\n\t\t\t\t\t<h2 class=\"elementor-heading-title elementor-size-default\"><h1 style=\"margin-bottom: 30px;font-size: 34px;font-weight: 800\">Location:<\/h1><\/h2>\t\t\t\t<\/div>\n\t\t\t\t<\/div>\n\t\t\t\t<div class=\"elementor-element elementor-element-14834804 elementor-widget elementor-widget-text-editor\" data-id=\"14834804\" data-element_type=\"widget\" data-e-type=\"widget\" data-widget_type=\"text-editor.default\">\n\t\t\t\t<div class=\"elementor-widget-container\">\n\t\t\t\t\t\t\t\t\tYellotools GmbH<br\/>\nWilberhofener Str. 3<br\/>\n51570 Windeck<br\/>\n<a href=\"https:\/\/www.yellotools.com\/de\/\" rel=\"noopener\" target=\"_blank\" style=\"color:black\"\n>www.yellotools.com<\/a>\n<div><\/div>\t\t\t\t\t\t\t\t<\/div>\n\t\t\t\t<\/div>\n\t\t\t\t\t<\/div>\n\t\t<\/div>\n\t\t\t\t<div class=\"elementor-column elementor-col-50 elementor-top-column elementor-element elementor-element-7c369a9d\" data-id=\"7c369a9d\" data-element_type=\"column\" data-e-type=\"column\">\n\t\t\t<div class=\"elementor-widget-wrap elementor-element-populated\">\n\t\t\t\t\t\t<div class=\"elementor-element elementor-element-134c5c3a elementor-widget__width-initial elementor-absolute elementor-widget elementor-widget-google_maps\" data-id=\"134c5c3a\" data-element_type=\"widget\" data-e-type=\"widget\" data-settings=\"{&quot;_position&quot;:&quot;absolute&quot;}\" data-widget_type=\"google_maps.default\">\n\t\t\t\t<div class=\"elementor-widget-container\">\n\t\t\t\t\t\t\t<div class=\"elementor-custom-embed\">\n\t\t\t<iframe loading=\"lazy\"\n\t\t\t\t\tsrc=\"https:\/\/maps.google.com\/maps?q=Yellotools&#038;t=m&#038;z=18&#038;output=embed&#038;iwloc=near\"\n\t\t\t\t\ttitle=\"Yellotools\"\n\t\t\t\t\taria-label=\"Yellotools\"\n\t\t\t><\/iframe>\n\t\t<\/div>\n\t\t\t\t\t\t<\/div>\n\t\t\t\t<\/div>\n\t\t\t\t\t<\/div>\n\t\t<\/div>\n\t\t\t\t\t<\/div>\n\t\t<\/section>\n\t\t\t\t<\/div>","protected":false},"excerpt":{"rendered":"<p>Willkommen auf einer Zeitreise durch die Vergangenheit Manche Momente bleiben. Nicht, weil sie laut waren, sondern weil sie etwas in uns bewegt haben. Wachr\u00fctteln war nie nur ein Event. Es waren Begegnungen, Gedanken, Gef\u00fchle. Abende, an denen Worte h\u00e4ngen geblieben sind. Augenblicke, in denen etwas geknackt hat, leise oder mit voller Wucht. Vielleicht ein neuer<\/p>\n<div class=\"more-link\">\n\t\t\t\t <a href=\"https:\/\/www.wachruetteln.com\/en\/zeitreise-durch-die-vergangenheit\/\" class=\"btn theme-btn\"><span>Continue Reading <\/span><i class=\"icofont-thin-double-right\"><\/i><\/a>\n\t\t\t<\/div>","protected":false},"author":5,"featured_media":0,"parent":0,"menu_order":0,"comment_status":"closed","ping_status":"closed","template":"","meta":{"footnotes":""},"class_list":["post-2781","page","type-page","status-publish","hentry"],"_links":{"self":[{"href":"https:\/\/www.wachruetteln.com\/en\/wp-json\/wp\/v2\/pages\/2781","targetHints":{"allow":["GET"]}}],"collection":[{"href":"https:\/\/www.wachruetteln.com\/en\/wp-json\/wp\/v2\/pages"}],"about":[{"href":"https:\/\/www.wachruetteln.com\/en\/wp-json\/wp\/v2\/types\/page"}],"author":[{"embeddable":true,"href":"https:\/\/www.wachruetteln.com\/en\/wp-json\/wp\/v2\/users\/5"}],"replies":[{"embeddable":true,"href":"https:\/\/www.wachruetteln.com\/en\/wp-json\/wp\/v2\/comments?post=2781"}],"version-history":[{"count":13,"href":"https:\/\/www.wachruetteln.com\/en\/wp-json\/wp\/v2\/pages\/2781\/revisions"}],"predecessor-version":[{"id":2829,"href":"https:\/\/www.wachruetteln.com\/en\/wp-json\/wp\/v2\/pages\/2781\/revisions\/2829"}],"wp:attachment":[{"href":"https:\/\/www.wachruetteln.com\/en\/wp-json\/wp\/v2\/media?parent=2781"}],"curies":[{"name":"wp","href":"https:\/\/api.w.org\/{rel}","templated":true}]}}